{"id":3913,"date":"2026-03-24T22:35:51","date_gmt":"2026-03-24T21:35:51","guid":{"rendered":"https:\/\/www.werich.at\/?page_id=3913"},"modified":"2026-04-18T09:36:02","modified_gmt":"2026-04-18T07:36:02","slug":"der-wichtelweg-kinderbuch-ueber-mut-vertrauen-inneres-leuchten-werich","status":"publish","type":"page","link":"https:\/\/www.werich.at\/?page_id=3913","title":{"rendered":"B\u00dcCHER"},"content":{"rendered":"\t\t<div data-elementor-type=\"wp-page\" data-elementor-id=\"3913\" class=\"elementor elementor-3913\">\n\t\t\t\t\t\t<section class=\"elementor-section elementor-top-section elementor-element elementor-element-5d3b47f8 elementor-section-boxed elementor-section-height-default elementor-section-height-default\" data-id=\"5d3b47f8\" data-element_type=\"section\" data-e-type=\"section\">\n\t\t\t\t\t\t<div class=\"elementor-container elementor-column-gap-default\">\n\t\t\t\t\t<div class=\"elementor-column elementor-col-100 elementor-top-column elementor-element elementor-element-7d179b40\" data-id=\"7d179b40\" data-element_type=\"column\" data-e-type=\"column\">\n\t\t\t<div class=\"elementor-widget-wrap elementor-element-populated\">\n\t\t\t\t\t\t<div class=\"elementor-element elementor-element-1529f065 elementor-widget elementor-widget-text-editor\" data-id=\"1529f065\" data-element_type=\"widget\" data-e-type=\"widget\" data-widget_type=\"text-editor.default\">\n\t\t\t\t<div class=\"elementor-widget-container\">\n\t\t\t\t\t\t\t\t\t<p><img fetchpriority=\"high\" decoding=\"async\" src=\"https:\/\/www.werich.at\/wp-content\/uploads\/2026\/03\/COVER-VORNE-1024x683.png\" sizes=\"(max-width: 1024px) 100vw, 1024px\" srcset=\"https:\/\/www.werich.at\/wp-content\/uploads\/2026\/03\/COVER-VORNE-1024x683.png 1024w, https:\/\/www.werich.at\/wp-content\/uploads\/2026\/03\/COVER-VORNE-300x200.png 300w, https:\/\/www.werich.at\/wp-content\/uploads\/2026\/03\/COVER-VORNE-768x512.png 768w, https:\/\/www.werich.at\/wp-content\/uploads\/2026\/03\/COVER-VORNE-830x553.png 830w, https:\/\/www.werich.at\/wp-content\/uploads\/2026\/03\/COVER-VORNE-230x153.png 230w, https:\/\/www.werich.at\/wp-content\/uploads\/2026\/03\/COVER-VORNE-350x233.png 350w, https:\/\/www.werich.at\/wp-content\/uploads\/2026\/03\/COVER-VORNE-480x320.png 480w, https:\/\/www.werich.at\/wp-content\/uploads\/2026\/03\/COVER-VORNE.png 1536w\" alt=\"\" width=\"1024\" height=\"683\" \/><br \/><img decoding=\"async\" src=\"https:\/\/www.werich.at\/wp-content\/uploads\/2026\/03\/DC6521C0-7051-4B49-9117-77B53D58DC27-1024x683.png\" sizes=\"(max-width: 1024px) 100vw, 1024px\" srcset=\"https:\/\/www.werich.at\/wp-content\/uploads\/2026\/03\/DC6521C0-7051-4B49-9117-77B53D58DC27-1024x683.png 1024w, https:\/\/www.werich.at\/wp-content\/uploads\/2026\/03\/DC6521C0-7051-4B49-9117-77B53D58DC27-300x200.png 300w, https:\/\/www.werich.at\/wp-content\/uploads\/2026\/03\/DC6521C0-7051-4B49-9117-77B53D58DC27-768x512.png 768w, https:\/\/www.werich.at\/wp-content\/uploads\/2026\/03\/DC6521C0-7051-4B49-9117-77B53D58DC27-830x553.png 830w, https:\/\/www.werich.at\/wp-content\/uploads\/2026\/03\/DC6521C0-7051-4B49-9117-77B53D58DC27-230x153.png 230w, https:\/\/www.werich.at\/wp-content\/uploads\/2026\/03\/DC6521C0-7051-4B49-9117-77B53D58DC27-350x233.png 350w, https:\/\/www.werich.at\/wp-content\/uploads\/2026\/03\/DC6521C0-7051-4B49-9117-77B53D58DC27-480x320.png 480w, https:\/\/www.werich.at\/wp-content\/uploads\/2026\/03\/DC6521C0-7051-4B49-9117-77B53D58DC27.png 1536w\" alt=\"\" width=\"1024\" height=\"683\" \/><\/p>\n<p style=\"text-align: center;\">Ein echtes Kinderbuch aus der Region, das auf einem realen Wichtelweg basiert, Kinder aktiv einbindet und sie zu Vertrauen, Mut und ihrem inneren Leuchten begleitet \u2013 und zugleich auch f\u00fcr Erwachsene ein stilles Geschenk ist, das mehr Magie, Bewusstheit und Herz in den Alltag bringt.<\/p>\n\n<blockquote class=\"wp-block-quote is-layout-flow wp-block-quote-is-layout-flow\">\n<p>Das Buch liegt in einem angenehmen Format in der Hand, f\u00fchlt sich hochwertig an und ist als edle Hardcover-Version gebunden ausgef\u00fchrt.<\/p>\n\n<p>Preis:\u00a0<strong>14,70 \u20ac<\/strong><\/p>\n\n<p>Du kannst das Buch direkt bei mir bestellen \u2013 telefonisch oder ganz einfach \u00fcber WhatsApp.<\/p>\n\n<p><strong>Erh\u00e4ltlich bei:<\/strong><br \/>\u2022 Buchhandlung im Donaupark, Mauthausen<br \/>\u2022 Buchhandlung FRICK (Dr.-Schober-Stra\u00dfe), Perg<br \/>\u2022 B\u00dcCHER &amp; MEHR, Klosterstra\u00dfe 12, Linz<\/p>\n\n<p class=\"has-text-align-center\">Weitere Buchhandlungen und Partner folgen in K\u00fcrze.<\/p>\n<p>Hier \u00f6ffnet sich ein erster Einblick in das Buch &#8211; nimm dir etwas Zeit und tauche ein.<\/p>\n\n<p>\u00a0<\/p>\n<\/blockquote>\n\n<div data-wp-interactive=\"core\/file\" class=\"wp-block-file\"><object data-wp-bind--hidden=\"!state.hasPdfPreview\" hidden class=\"wp-block-file__embed\" style=\"width: 100%; height: 600px;\" data=\"https:\/\/www.werich.at\/wp-content\/uploads\/2026\/04\/Der_Wichtelweg_-Komplettes-Buch_kleiner-3.pdf\" type=\"application\/pdf\" width=\"300\" height=\"150\" aria-label=\"Einbettung von Der_Wichtelweg_ Komplettes Buch_kleiner.\"><\/object><a id=\"wp-block-file--media-5aa277db-4efb-4e37-8d46-742ed0b3a499\" href=\"https:\/\/www.werich.at\/wp-content\/uploads\/2026\/04\/Der_Wichtelweg_-Komplettes-Buch_kleiner-3.pdf\">Der_Wichtelweg_ Komplettes Buch_kleiner<\/a><a class=\"wp-block-file__button wp-element-button\" href=\"https:\/\/www.werich.at\/wp-content\/uploads\/2026\/04\/Der_Wichtelweg_-Komplettes-Buch_kleiner-3.pdf\" download=\"\" aria-describedby=\"wp-block-file--media-5aa277db-4efb-4e37-8d46-742ed0b3a499\">Herunterladen<\/a><\/div>\n\t\t\t\t\t\t\t\t<\/div>\n\t\t\t\t<\/div>\n\t\t\t\t\t<\/div>\n\t\t<\/div>\n\t\t\t\t\t<\/div>\n\t\t<\/section>\n\t\t\t\t<\/div>\n\t\t","protected":false},"excerpt":{"rendered":"<p>Ein echtes Kinderbuch aus der Region, das auf einem realen Wichtelweg basiert, Kinder aktiv einbindet und sie zu Vertrauen, Mut und ihrem inneren Leuchten begleitet \u2013 und zugleich auch f\u00fcr Erwachsene ein stilles Geschenk ist, das mehr Magie, Bewusstheit und Herz in den Alltag bringt. Das Buch liegt in einem angenehmen Format in der Hand, [&hellip;]<\/p>\n","protected":false},"author":2,"featured_media":0,"parent":0,"menu_order":0,"comment_status":"closed","ping_status":"closed","template":"","meta":{"footnotes":""},"class_list":["post-3913","page","type-page","status-publish","hentry"],"yoast_head":"<!-- This site is optimized with the Yoast SEO plugin v25.9 - https:\/\/yoast.com\/wordpress\/plugins\/seo\/ -->\n<title>B\u00dcCHER - wERich<\/title>\n<meta name=\"description\" content=\"Ein besonderes Kinderbuch aus Ober\u00f6sterreich: Der Wichtelweg verbindet eine ber\u00fchrende Geschichte mit einem echten Ort. F\u00fcr Kinder und Erwachsene \u2013 voller Mut, Vertrauen und innerem Leuchten.\" \/>\n<meta name=\"robots\" content=\"index, follow, max-snippet:-1, max-image-preview:large, max-video-preview:-1\" \/>\n<link rel=\"canonical\" href=\"https:\/\/www.werich.at\/?page_id=3913\" \/>\n<meta property=\"og:locale\" content=\"de_DE\" \/>\n<meta property=\"og:type\" content=\"article\" \/>\n<meta property=\"og:title\" content=\"B\u00dcCHER - wERich\" \/>\n<meta property=\"og:description\" content=\"Ein besonderes Kinderbuch aus Ober\u00f6sterreich: Der Wichtelweg verbindet eine ber\u00fchrende Geschichte mit einem echten Ort. F\u00fcr Kinder und Erwachsene \u2013 voller Mut, Vertrauen und innerem Leuchten.\" \/>\n<meta property=\"og:url\" content=\"https:\/\/www.werich.at\/?page_id=3913\" \/>\n<meta property=\"og:site_name\" content=\"wERich\" \/>\n<meta property=\"article:modified_time\" content=\"2026-04-18T07:36:02+00:00\" \/>\n<meta property=\"og:image\" content=\"https:\/\/www.werich.at\/wp-content\/uploads\/2026\/03\/COVER-VORNE-1024x683.png\" \/>\n<meta name=\"twitter:card\" content=\"summary_large_image\" \/>\n<meta name=\"twitter:label1\" content=\"Gesch\u00e4tzte Lesezeit\" \/>\n\t<meta name=\"twitter:data1\" content=\"1\u00a0Minute\" \/>\n<script type=\"application\/ld+json\" class=\"yoast-schema-graph\">{\"@context\":\"https:\/\/schema.org\",\"@graph\":[{\"@type\":\"WebPage\",\"@id\":\"https:\/\/www.werich.at\/?page_id=3913\",\"url\":\"https:\/\/www.werich.at\/?page_id=3913\",\"name\":\"B\u00dcCHER - wERich\",\"isPartOf\":{\"@id\":\"https:\/\/www.werich.at\/#website\"},\"primaryImageOfPage\":{\"@id\":\"https:\/\/www.werich.at\/?page_id=3913#primaryimage\"},\"image\":{\"@id\":\"https:\/\/www.werich.at\/?page_id=3913#primaryimage\"},\"thumbnailUrl\":\"https:\/\/www.werich.at\/wp-content\/uploads\/2026\/03\/COVER-VORNE-1024x683.png\",\"datePublished\":\"2026-03-24T21:35:51+00:00\",\"dateModified\":\"2026-04-18T07:36:02+00:00\",\"description\":\"Ein besonderes Kinderbuch aus Ober\u00f6sterreich: Der Wichtelweg verbindet eine ber\u00fchrende Geschichte mit einem echten Ort. F\u00fcr Kinder und Erwachsene \u2013 voller Mut, Vertrauen und innerem Leuchten.\",\"breadcrumb\":{\"@id\":\"https:\/\/www.werich.at\/?page_id=3913#breadcrumb\"},\"inLanguage\":\"de\",\"potentialAction\":[{\"@type\":\"ReadAction\",\"target\":[\"https:\/\/www.werich.at\/?page_id=3913\"]}]},{\"@type\":\"ImageObject\",\"inLanguage\":\"de\",\"@id\":\"https:\/\/www.werich.at\/?page_id=3913#primaryimage\",\"url\":\"https:\/\/www.werich.at\/wp-content\/uploads\/2026\/03\/COVER-VORNE.png\",\"contentUrl\":\"https:\/\/www.werich.at\/wp-content\/uploads\/2026\/03\/COVER-VORNE.png\",\"width\":1536,\"height\":1024},{\"@type\":\"BreadcrumbList\",\"@id\":\"https:\/\/www.werich.at\/?page_id=3913#breadcrumb\",\"itemListElement\":[{\"@type\":\"ListItem\",\"position\":1,\"name\":\"Startseite\",\"item\":\"https:\/\/www.werich.at\/\"},{\"@type\":\"ListItem\",\"position\":2,\"name\":\"B\u00dcCHER\"}]},{\"@type\":\"WebSite\",\"@id\":\"https:\/\/www.werich.at\/#website\",\"url\":\"https:\/\/www.werich.at\/\",\"name\":\"wERich\",\"description\":\"DU SELBST SEIN\",\"potentialAction\":[{\"@type\":\"SearchAction\",\"target\":{\"@type\":\"EntryPoint\",\"urlTemplate\":\"https:\/\/www.werich.at\/?s={search_term_string}\"},\"query-input\":{\"@type\":\"PropertyValueSpecification\",\"valueRequired\":true,\"valueName\":\"search_term_string\"}}],\"inLanguage\":\"de\"}]}<\/script>\n<!-- \/ Yoast SEO plugin. -->","yoast_head_json":{"title":"B\u00dcCHER - wERich","description":"Ein besonderes Kinderbuch aus Ober\u00f6sterreich: Der Wichtelweg verbindet eine ber\u00fchrende Geschichte mit einem echten Ort. F\u00fcr Kinder und Erwachsene \u2013 voller Mut, Vertrauen und innerem Leuchten.","robots":{"index":"index","follow":"follow","max-snippet":"max-snippet:-1","max-image-preview":"max-image-preview:large","max-video-preview":"max-video-preview:-1"},"canonical":"https:\/\/www.werich.at\/?page_id=3913","og_locale":"de_DE","og_type":"article","og_title":"B\u00dcCHER - wERich","og_description":"Ein besonderes Kinderbuch aus Ober\u00f6sterreich: Der Wichtelweg verbindet eine ber\u00fchrende Geschichte mit einem echten Ort. F\u00fcr Kinder und Erwachsene \u2013 voller Mut, Vertrauen und innerem Leuchten.","og_url":"https:\/\/www.werich.at\/?page_id=3913","og_site_name":"wERich","article_modified_time":"2026-04-18T07:36:02+00:00","og_image":[{"url":"https:\/\/www.werich.at\/wp-content\/uploads\/2026\/03\/COVER-VORNE-1024x683.png","type":"","width":"","height":""}],"twitter_card":"summary_large_image","twitter_misc":{"Gesch\u00e4tzte Lesezeit":"1\u00a0Minute"},"schema":{"@context":"https:\/\/schema.org","@graph":[{"@type":"WebPage","@id":"https:\/\/www.werich.at\/?page_id=3913","url":"https:\/\/www.werich.at\/?page_id=3913","name":"B\u00dcCHER - wERich","isPartOf":{"@id":"https:\/\/www.werich.at\/#website"},"primaryImageOfPage":{"@id":"https:\/\/www.werich.at\/?page_id=3913#primaryimage"},"image":{"@id":"https:\/\/www.werich.at\/?page_id=3913#primaryimage"},"thumbnailUrl":"https:\/\/www.werich.at\/wp-content\/uploads\/2026\/03\/COVER-VORNE-1024x683.png","datePublished":"2026-03-24T21:35:51+00:00","dateModified":"2026-04-18T07:36:02+00:00","description":"Ein besonderes Kinderbuch aus Ober\u00f6sterreich: Der Wichtelweg verbindet eine ber\u00fchrende Geschichte mit einem echten Ort. F\u00fcr Kinder und Erwachsene \u2013 voller Mut, Vertrauen und innerem Leuchten.","breadcrumb":{"@id":"https:\/\/www.werich.at\/?page_id=3913#breadcrumb"},"inLanguage":"de","potentialAction":[{"@type":"ReadAction","target":["https:\/\/www.werich.at\/?page_id=3913"]}]},{"@type":"ImageObject","inLanguage":"de","@id":"https:\/\/www.werich.at\/?page_id=3913#primaryimage","url":"https:\/\/www.werich.at\/wp-content\/uploads\/2026\/03\/COVER-VORNE.png","contentUrl":"https:\/\/www.werich.at\/wp-content\/uploads\/2026\/03\/COVER-VORNE.png","width":1536,"height":1024},{"@type":"BreadcrumbList","@id":"https:\/\/www.werich.at\/?page_id=3913#breadcrumb","itemListElement":[{"@type":"ListItem","position":1,"name":"Startseite","item":"https:\/\/www.werich.at\/"},{"@type":"ListItem","position":2,"name":"B\u00dcCHER"}]},{"@type":"WebSite","@id":"https:\/\/www.werich.at\/#website","url":"https:\/\/www.werich.at\/","name":"wERich","description":"DU SELBST SEIN","potentialAction":[{"@type":"SearchAction","target":{"@type":"EntryPoint","urlTemplate":"https:\/\/www.werich.at\/?s={search_term_string}"},"query-input":{"@type":"PropertyValueSpecification","valueRequired":true,"valueName":"search_term_string"}}],"inLanguage":"de"}]}},"_links":{"self":[{"href":"https:\/\/www.werich.at\/index.php?rest_route=\/wp\/v2\/pages\/3913","targetHints":{"allow":["GET"]}}],"collection":[{"href":"https:\/\/www.werich.at\/index.php?rest_route=\/wp\/v2\/pages"}],"about":[{"href":"https:\/\/www.werich.at\/index.php?rest_route=\/wp\/v2\/types\/page"}],"author":[{"embeddable":true,"href":"https:\/\/www.werich.at\/index.php?rest_route=\/wp\/v2\/users\/2"}],"replies":[{"embeddable":true,"href":"https:\/\/www.werich.at\/index.php?rest_route=%2Fwp%2Fv2%2Fcomments&post=3913"}],"version-history":[{"count":19,"href":"https:\/\/www.werich.at\/index.php?rest_route=\/wp\/v2\/pages\/3913\/revisions"}],"predecessor-version":[{"id":3959,"href":"https:\/\/www.werich.at\/index.php?rest_route=\/wp\/v2\/pages\/3913\/revisions\/3959"}],"wp:attachment":[{"href":"https:\/\/www.werich.at\/index.php?rest_route=%2Fwp%2Fv2%2Fmedia&parent=3913"}],"curies":[{"name":"wp","href":"https:\/\/api.w.org\/{rel}","templated":true}]}}